{"id":428,"date":"2022-01-24T19:09:37","date_gmt":"2022-01-24T19:09:37","guid":{"rendered":"https:\/\/kaltesherz.com\/?page_id=428"},"modified":"2023-06-25T15:43:40","modified_gmt":"2023-06-25T15:43:40","slug":"allgemeine-geschaeftsbedingungen-agb","status":"publish","type":"page","link":"https:\/\/kaltesherz.com\/?page_id=428","title":{"rendered":"AGB"},"content":{"rendered":"\n<p><strong>Allgemeine Gesch\u00e4ftsbedingungen (AGB)<\/strong><br>von <strong>KALTES HERZ Tattoo Kollektiv<\/strong><\/p>\n\n\n\n<p>Alle Auftr\u00e4ge und Gesch\u00e4ftsbeziehungen liegen den nachfolgenden Gesch\u00e4ftsbedingungen zugrunde.<br>Bei Vertragsabschluss erkl\u00e4rt sich der Kunde mit den AGBs einverstanden und verzichtet bei auftreten den Komplikationen auf Schadensersatzanspr\u00fcche oder weitere dadurch anfallende Kosten jeglicher Art gegen das Studio.<br>\u00a0<br><strong>\u00a71\u00a0Leistungen und Einschr\u00e4nkungen<\/strong><br>Bei Kaltes Herz Tattoo Kollektiv werden Tattoos entworfen und t\u00e4towiert. Die Entw\u00fcrfe und Kreativleistungen bleiben dabei geistiges Eigentum von Kaltes Herz Tattoo Kollektiv. <br>Das Tattoo kann von der Vorlage in gewissem Rahmen abweichen. <br>Es\u00a0werden grunds\u00e4tzlich nur Kunden ab 18 Jahren t\u00e4towiert. <br>Wir t\u00e4towieren keine Personen, die unter Alkohol- und\/oder Drogeneinfluss stehen. Auch Kunden, bei denen eine Schwangerschaft besteht, die sich in der Stillzeit befinden, oder blutverd\u00fcnnende Medikamente einnehmen, k\u00f6nnen nicht t\u00e4towiert werden.\u00a0<br>Kaltes Herz Tattoo Kollektiv beh\u00e4lt sich vor, Kunden unbegr\u00fcndet abzulehnen.<br>\u00a0<br><strong>\u00a72\u00a0Pflichten des Kunden<\/strong><br>Bei der Erteilung des Auftrages verpflichtet sich der Kunde, Kaltes Herz Tattoo Kollektiv \u00fcber vorhandene, insbesondere ansteckende Krankheiten, sowie Allergien, Medikamente und \u00dcberempfindlichkeiten in Kenntnis zu setzen (z.B. HIV, Hepatitis, Epilepsie o.\u00e4.). Dies gilt auch f\u00fcr den Fall, dass diese erst nach Auftragserteilung und\/oder nach Ausf\u00fchrung der T\u00e4towierungsarbeit bekannt werden.<br>Unsere Dienstleistungen werden unter Beachtung aller bekannten hygienischen Ma\u00dfnahmen und unter Verwendung EU-zertifizierter Materialien angeboten. <br>Der Kunde erkennt seine Pflicht an, die von Kaltes Herz Tattoo Kollektiv kommunizierten Anweisungen \u00fcber die Hygiene und Pflege des Tattoos nach bestem Wissen und Gewissen Folge zu leisten, bis das Tattoo vollst\u00e4ndig verheilt ist.\u00a0<br>\u00a0<br><strong>\u00a73 Terminabsprache<\/strong><br>F\u00fcr die Terminabsprache wird eine Anzahlung von mindestens 100\u20ac erhoben, die sp\u00e4ter mit den Kosten f\u00fcr die T\u00e4towierung verrechnet wird. Bei Nichteinhaltung des Termins wird die Anzahlung als Aufwandsentsch\u00e4digung einbehalten. Das Verschieben oder Absagen des Termins ist bis zu einem Zeitpunkt von 3 Werktagen vor dem festgelegten Termin m\u00f6glich. Informiert der Kunde uns innerhalb der genannten Frist, bleibt die Anzahlung als Guthaben erhalten und wird auf den neuen Termin angerechnet.<br>M\u00f6chte der Kunde keinen Ersatztermin haben, bekommt er die Anzahlung in Form eines Gutscheines erstattet.<br>Kaltes Herz Tattoo Kollektiv beh\u00e4lt sich vor Termine zu verschieben oder abzusagen, in der Regel wird ein schnellstm\u00f6glicher Ersatztermin vergeben.<br>\u00a0<br><strong>\u00a74 Bezahlung<\/strong><br>Die Bezahlung erfolgt immer in bar und in voller H\u00f6he nach jeder Sitzung.\u00a0<br>\u00a0<br><strong>\u00a75 Haftungsausschluss<\/strong><br>Kaltes Herz Tattoo Kollektiv \u00fcbernimmt keine Haftung f\u00fcr Folgesch\u00e4den des T\u00e4towiervorgangs, wie z.B. Allergien, Erkrankungen jeglicher Art, Blowouts, Entz\u00fcndungen oder Folgeerscheinungen, die daraus entstehen, dass der Kunde seinen Verpflichtungen zur Hygiene und Pflege nicht nachkommt.\u00a0<br>Durch den Auftrag best\u00e4tigt der Kunde, dass die vorzunehmende T\u00e4towierung nach seinem uneingeschr\u00e4nkten und freien Willen vorgenommen wird.<br>Jede Verletzung der k\u00f6rperlichen Unversehrtheit bringt gesundheitliche Risiken mit sich. T\u00e4towierungen erf\u00fcllen nach \u00a7 223, 223a, 224 StGB den Tatbestand der K\u00f6rperverletzung &#8211; Mit dem Auftrag willigt der Kunde im Sinne des \u00a7 226a StGB ausdr\u00fccklich in den Tatbestand der K\u00f6rperverletzung ein und tr\u00e4gt daf\u00fcr selbst die Verantwortung.<br>Der Kunde erkl\u00e4rt durch seinen Auftrag, ausreichend \u00fcber eventuelle Risiken und Folgerisiken eines Tattoos informiert zu sein und nimmt diese durch seine Auftragserteilung billigend in Kauf. <br>Sollten Fragen oder Komplikationen auftreten, ist sofort das Studio zu kontaktieren und ein Arzt aufzusuchen.\u00a0<\/p>\n\n\n\n<p><br>\u00a0<\/p>\n\n\n\n<p><\/p>\n","protected":false},"excerpt":{"rendered":"<p>Allgemeine Gesch\u00e4ftsbedingungen (AGB)von KALTES HERZ Tattoo Kollektiv Alle Auftr\u00e4ge und Gesch\u00e4ftsbeziehungen liegen den nachfolgenden Gesch\u00e4ftsbedingungen zugrunde.Bei Vertragsabschluss erkl\u00e4rt sich der Kunde mit den AGBs einverstanden und verzichtet bei auftreten den Komplikationen auf Schadensersatzanspr\u00fcche oder weitere dadurch anfallende Kosten jeglicher Art gegen das Studio.\u00a0\u00a71\u00a0Leistungen und Einschr\u00e4nkungenBei Kaltes Herz Tattoo Kollektiv werden Tattoos entworfen und t\u00e4towiert. Die &hellip; <\/p>\n<p class=\"link-more\"><a href=\"https:\/\/kaltesherz.com\/?page_id=428\" class=\"more-link\"><span class=\"screen-reader-text\">\u201eAGB\u201c<\/span> weiterlesen<\/a><\/p>\n","protected":false},"author":1,"featured_media":0,"parent":0,"menu_order":0,"comment_status":"closed","ping_status":"closed","template":"","meta":{"ngg_post_thumbnail":0,"footnotes":""},"class_list":["post-428","page","type-page","status-publish","hentry"],"_links":{"self":[{"href":"https:\/\/kaltesherz.com\/index.php?rest_route=\/wp\/v2\/pages\/428","targetHints":{"allow":["GET"]}}],"collection":[{"href":"https:\/\/kaltesherz.com\/index.php?rest_route=\/wp\/v2\/pages"}],"about":[{"href":"https:\/\/kaltesherz.com\/index.php?rest_route=\/wp\/v2\/types\/page"}],"author":[{"embeddable":true,"href":"https:\/\/kaltesherz.com\/index.php?rest_route=\/wp\/v2\/users\/1"}],"replies":[{"embeddable":true,"href":"https:\/\/kaltesherz.com\/index.php?rest_route=%2Fwp%2Fv2%2Fcomments&post=428"}],"version-history":[{"count":3,"href":"https:\/\/kaltesherz.com\/index.php?rest_route=\/wp\/v2\/pages\/428\/revisions"}],"predecessor-version":[{"id":624,"href":"https:\/\/kaltesherz.com\/index.php?rest_route=\/wp\/v2\/pages\/428\/revisions\/624"}],"wp:attachment":[{"href":"https:\/\/kaltesherz.com\/index.php?rest_route=%2Fwp%2Fv2%2Fmedia&parent=428"}],"curies":[{"name":"wp","href":"https:\/\/api.w.org\/{rel}","templated":true}]}}